{"id":45,"date":"2025-03-26T04:23:07","date_gmt":"2025-03-26T03:23:07","guid":{"rendered":"https:\/\/estpab.fr\/?page_id=45"},"modified":"2025-03-26T04:23:07","modified_gmt":"2025-03-26T03:23:07","slug":"hbitat-bnp-paribas-cardif","status":"publish","type":"page","link":"https:\/\/estpab.fr\/?page_id=45","title":{"rendered":"H@bitat &#8211; BNP Paribas Cardif"},"content":{"rendered":"\n<p><strong>Le produit d\u2019assurance Cardif H@bitat,<\/strong>\u00a0coupl\u00e9 \u00e0 sa police d&rsquo;assurance, permet de visualiser, gr\u00e2ce \u00e0 une box qui les d\u00e9tecte, les probl\u00e8mes dans la maison.\u00a0<\/p>\n\n\n\n<p>Mon&nbsp;r\u00f4le sur ce projet a \u00e9t\u00e9 de faire des mises \u00e0 jour de contenu sur le site, et cr\u00e9er les ic\u00f4nes pour l\u2019application qui suit en direct les d\u00e9tecteurs d\u2019alarmes.&nbsp;<br>Mon point de vue de UX designer a \u00e9galement \u00e9t\u00e9 demand\u00e9 afin de proposer des am\u00e9liorations sur l\u2019application.<\/p>\n\n\n\n<figure data-wp-context=\"{&quot;imageId&quot;:&quot;69d28e022d1c5&quot;}\" data-wp-interactive=\"core\/image\" data-wp-key=\"69d28e022d1c5\" class=\"wp-block-image size-large wp-lightbox-container\"><img loading=\"lazy\" decoding=\"async\" width=\"1024\" height=\"576\" data-wp-class--hide=\"state.isContentHidden\" data-wp-class--show=\"state.isContentVisible\" data-wp-init=\"callbacks.setButtonStyles\" data-wp-on--click=\"actions.showLightbox\" data-wp-on--load=\"callbacks.setButtonStyles\" data-wp-on-window--resize=\"callbacks.setButtonStyles\" src=\"https:\/\/estpab.fr\/wp-content\/uploads\/2025\/03\/dcb2d6a9-5c13-47a0-8426-69c489aea78d-1024x576.png\" alt=\"\" class=\"wp-image-126\" srcset=\"https:\/\/estpab.fr\/wp-content\/uploads\/2025\/03\/dcb2d6a9-5c13-47a0-8426-69c489aea78d-1024x576.png 1024w, https:\/\/estpab.fr\/wp-content\/uploads\/2025\/03\/dcb2d6a9-5c13-47a0-8426-69c489aea78d-300x169.png 300w, https:\/\/estpab.fr\/wp-content\/uploads\/2025\/03\/dcb2d6a9-5c13-47a0-8426-69c489aea78d-768x432.png 768w, https:\/\/estpab.fr\/wp-content\/uploads\/2025\/03\/dcb2d6a9-5c13-47a0-8426-69c489aea78d-1536x864.png 1536w, https:\/\/estpab.fr\/wp-content\/uploads\/2025\/03\/dcb2d6a9-5c13-47a0-8426-69c489aea78d.png 1920w\" sizes=\"auto, (max-width: 1024px) 100vw, 1024px\" \/><button\n\t\t\tclass=\"lightbox-trigger\"\n\t\t\ttype=\"button\"\n\t\t\taria-haspopup=\"dialog\"\n\t\t\taria-label=\"Agrandir\"\n\t\t\tdata-wp-init=\"callbacks.initTriggerButton\"\n\t\t\tdata-wp-on--click=\"actions.showLightbox\"\n\t\t\tdata-wp-style--right=\"state.imageButtonRight\"\n\t\t\tdata-wp-style--top=\"state.imageButtonTop\"\n\t\t>\n\t\t\t<svg xmlns=\"http:\/\/www.w3.org\/2000\/svg\" width=\"12\" height=\"12\" fill=\"none\" viewBox=\"0 0 12 12\">\n\t\t\t\t<path fill=\"#fff\" d=\"M2 0a2 2 0 0 0-2 2v2h1.5V2a.5.5 0 0 1 .5-.5h2V0H2Zm2 10.5H2a.5.5 0 0 1-.5-.5V8H0v2a2 2 0 0 0 2 2h2v-1.5ZM8 12v-1.5h2a.5.5 0 0 0 .5-.5V8H12v2a2 2 0 0 1-2 2H8Zm2-12a2 2 0 0 1 2 2v2h-1.5V2a.5.5 0 0 0-.5-.5H8V0h2Z\" \/>\n\t\t\t<\/svg>\n\t\t<\/button><\/figure>\n\n\n\n<figure data-wp-context=\"{&quot;imageId&quot;:&quot;69d28e022d804&quot;}\" data-wp-interactive=\"core\/image\" data-wp-key=\"69d28e022d804\" class=\"wp-block-image size-large wp-lightbox-container\"><img loading=\"lazy\" decoding=\"async\" width=\"1024\" height=\"576\" data-wp-class--hide=\"state.isContentHidden\" data-wp-class--show=\"state.isContentVisible\" data-wp-init=\"callbacks.setButtonStyles\" data-wp-on--click=\"actions.showLightbox\" data-wp-on--load=\"callbacks.setButtonStyles\" data-wp-on-window--resize=\"callbacks.setButtonStyles\" src=\"https:\/\/estpab.fr\/wp-content\/uploads\/2025\/03\/77c44aec-595c-427d-9339-4f668ebc2db2-1024x576.png\" alt=\"\" class=\"wp-image-125\" srcset=\"https:\/\/estpab.fr\/wp-content\/uploads\/2025\/03\/77c44aec-595c-427d-9339-4f668ebc2db2-1024x576.png 1024w, https:\/\/estpab.fr\/wp-content\/uploads\/2025\/03\/77c44aec-595c-427d-9339-4f668ebc2db2-300x169.png 300w, https:\/\/estpab.fr\/wp-content\/uploads\/2025\/03\/77c44aec-595c-427d-9339-4f668ebc2db2-768x432.png 768w, https:\/\/estpab.fr\/wp-content\/uploads\/2025\/03\/77c44aec-595c-427d-9339-4f668ebc2db2-1536x864.png 1536w, https:\/\/estpab.fr\/wp-content\/uploads\/2025\/03\/77c44aec-595c-427d-9339-4f668ebc2db2.png 1920w\" sizes=\"auto, (max-width: 1024px) 100vw, 1024px\" \/><button\n\t\t\tclass=\"lightbox-trigger\"\n\t\t\ttype=\"button\"\n\t\t\taria-haspopup=\"dialog\"\n\t\t\taria-label=\"Agrandir\"\n\t\t\tdata-wp-init=\"callbacks.initTriggerButton\"\n\t\t\tdata-wp-on--click=\"actions.showLightbox\"\n\t\t\tdata-wp-style--right=\"state.imageButtonRight\"\n\t\t\tdata-wp-style--top=\"state.imageButtonTop\"\n\t\t>\n\t\t\t<svg xmlns=\"http:\/\/www.w3.org\/2000\/svg\" width=\"12\" height=\"12\" fill=\"none\" viewBox=\"0 0 12 12\">\n\t\t\t\t<path fill=\"#fff\" d=\"M2 0a2 2 0 0 0-2 2v2h1.5V2a.5.5 0 0 1 .5-.5h2V0H2Zm2 10.5H2a.5.5 0 0 1-.5-.5V8H0v2a2 2 0 0 0 2 2h2v-1.5ZM8 12v-1.5h2a.5.5 0 0 0 .5-.5V8H12v2a2 2 0 0 1-2 2H8Zm2-12a2 2 0 0 1 2 2v2h-1.5V2a.5.5 0 0 0-.5-.5H8V0h2Z\" \/>\n\t\t\t<\/svg>\n\t\t<\/button><\/figure>\n\n\n\n<figure data-wp-context=\"{&quot;imageId&quot;:&quot;69d28e022dd0b&quot;}\" data-wp-interactive=\"core\/image\" data-wp-key=\"69d28e022dd0b\" class=\"wp-block-image size-large wp-lightbox-container\"><img loading=\"lazy\" decoding=\"async\" width=\"1024\" height=\"576\" data-wp-class--hide=\"state.isContentHidden\" data-wp-class--show=\"state.isContentVisible\" data-wp-init=\"callbacks.setButtonStyles\" data-wp-on--click=\"actions.showLightbox\" data-wp-on--load=\"callbacks.setButtonStyles\" data-wp-on-window--resize=\"callbacks.setButtonStyles\" src=\"https:\/\/estpab.fr\/wp-content\/uploads\/2025\/03\/3756ca9a-833f-4535-ae17-87c65e9a72a0-1024x576.png\" alt=\"\" class=\"wp-image-127\" srcset=\"https:\/\/estpab.fr\/wp-content\/uploads\/2025\/03\/3756ca9a-833f-4535-ae17-87c65e9a72a0-1024x576.png 1024w, https:\/\/estpab.fr\/wp-content\/uploads\/2025\/03\/3756ca9a-833f-4535-ae17-87c65e9a72a0-300x169.png 300w, https:\/\/estpab.fr\/wp-content\/uploads\/2025\/03\/3756ca9a-833f-4535-ae17-87c65e9a72a0-768x432.png 768w, https:\/\/estpab.fr\/wp-content\/uploads\/2025\/03\/3756ca9a-833f-4535-ae17-87c65e9a72a0-1536x864.png 1536w, https:\/\/estpab.fr\/wp-content\/uploads\/2025\/03\/3756ca9a-833f-4535-ae17-87c65e9a72a0.png 1920w\" sizes=\"auto, (max-width: 1024px) 100vw, 1024px\" \/><button\n\t\t\tclass=\"lightbox-trigger\"\n\t\t\ttype=\"button\"\n\t\t\taria-haspopup=\"dialog\"\n\t\t\taria-label=\"Agrandir\"\n\t\t\tdata-wp-init=\"callbacks.initTriggerButton\"\n\t\t\tdata-wp-on--click=\"actions.showLightbox\"\n\t\t\tdata-wp-style--right=\"state.imageButtonRight\"\n\t\t\tdata-wp-style--top=\"state.imageButtonTop\"\n\t\t>\n\t\t\t<svg xmlns=\"http:\/\/www.w3.org\/2000\/svg\" width=\"12\" height=\"12\" fill=\"none\" viewBox=\"0 0 12 12\">\n\t\t\t\t<path fill=\"#fff\" d=\"M2 0a2 2 0 0 0-2 2v2h1.5V2a.5.5 0 0 1 .5-.5h2V0H2Zm2 10.5H2a.5.5 0 0 1-.5-.5V8H0v2a2 2 0 0 0 2 2h2v-1.5ZM8 12v-1.5h2a.5.5 0 0 0 .5-.5V8H12v2a2 2 0 0 1-2 2H8Zm2-12a2 2 0 0 1 2 2v2h-1.5V2a.5.5 0 0 0-.5-.5H8V0h2Z\" \/>\n\t\t\t<\/svg>\n\t\t<\/button><\/figure>\n","protected":false},"excerpt":{"rendered":"<p>Le produit d\u2019assurance Cardif H@bitat,\u00a0coupl\u00e9 \u00e0 sa police d&rsquo;assurance, permet de visualiser, gr\u00e2ce \u00e0 une box qui les d\u00e9tecte, les probl\u00e8mes dans la maison.\u00a0 Mon&nbsp;r\u00f4le sur ce projet a \u00e9t\u00e9 de faire des mises \u00e0 jour de contenu sur le site, et cr\u00e9er les ic\u00f4nes pour l\u2019application qui suit en direct les d\u00e9tecteurs d\u2019alarmes.&nbsp;Mon point [&hellip;]<\/p>\n","protected":false},"author":1,"featured_media":0,"parent":0,"menu_order":0,"comment_status":"closed","ping_status":"closed","template":"","meta":{"_vp_format_video_url":"","_vp_image_focal_point":[],"footnotes":""},"class_list":["post-45","page","type-page","status-publish","hentry"],"_links":{"self":[{"href":"https:\/\/estpab.fr\/index.php?rest_route=\/wp\/v2\/pages\/45","targetHints":{"allow":["GET"]}}],"collection":[{"href":"https:\/\/estpab.fr\/index.php?rest_route=\/wp\/v2\/pages"}],"about":[{"href":"https:\/\/estpab.fr\/index.php?rest_route=\/wp\/v2\/types\/page"}],"author":[{"embeddable":true,"href":"https:\/\/estpab.fr\/index.php?rest_route=\/wp\/v2\/users\/1"}],"replies":[{"embeddable":true,"href":"https:\/\/estpab.fr\/index.php?rest_route=%2Fwp%2Fv2%2Fcomments&post=45"}],"version-history":[{"count":1,"href":"https:\/\/estpab.fr\/index.php?rest_route=\/wp\/v2\/pages\/45\/revisions"}],"predecessor-version":[{"id":128,"href":"https:\/\/estpab.fr\/index.php?rest_route=\/wp\/v2\/pages\/45\/revisions\/128"}],"wp:attachment":[{"href":"https:\/\/estpab.fr\/index.php?rest_route=%2Fwp%2Fv2%2Fmedia&parent=45"}],"curies":[{"name":"wp","href":"https:\/\/api.w.org\/{rel}","templated":true}]}}