{"id":44,"date":"2025-03-26T04:28:27","date_gmt":"2025-03-26T03:28:27","guid":{"rendered":"https:\/\/estpab.fr\/?page_id=44"},"modified":"2025-03-26T05:13:03","modified_gmt":"2025-03-26T04:13:03","slug":"carefully-bnp-paribas-cardif","status":"publish","type":"page","link":"https:\/\/estpab.fr\/?page_id=44","title":{"rendered":"CareFully &#8211; BNP Paribas Cardif"},"content":{"rendered":"\n<p>Cette plateforme regroupant les partenaires de BNP Paribas Cardif Italie, permet de proposer des offres sp\u00e9cialis\u00e9es sur les soin qui d\u00e9coulent de ce partenariat.&nbsp;<\/p>\n\n\n\n<p>Afin d\u2019acc\u00e9l\u00e9rer sa mise en production, un design sprint a \u00e9t\u00e9 r\u00e9alis\u00e9 avec un Product Owner, Project manager et d\u2019autres parties prenantes pour ce projet. Mon r\u00f4le de UX et UI Designer a \u00e9t\u00e9 de concr\u00e9tiser la&nbsp;plateforme \u00e0 partir des r\u00e9flexions des investisseurs.<br>La r\u00e9alisation s&rsquo;est faite \u00e0 l\u2019aide de proto-persona et&nbsp;d\u2019ateliers (comme le&nbsp;<em>Crazy big 8 Ideas<\/em>&nbsp;et la<em>&nbsp;Solution Map<\/em>&nbsp;entre autres).&nbsp;<\/p>\n\n\n<div class=\"wp-block-visual-portfolio alignwide\">\n<div class=\"vp-portfolio vp-uid-760c9089 vp-id-Z1dVmDl\"\n\tdata-vp-layout=\"tiles\" data-vp-content-source=\"images\" data-vp-items-style=\"default\" data-vp-items-click-action=\"popup_gallery\" data-vp-items-gap=\"7\" data-vp-items-gap-vertical=\"23\" data-vp-pagination=\"load-more\" data-vp-next-page-url=\"\" data-vp-tiles-type=\"1|1,0.5|\" >\n\t<div class=\"vp-portfolio__preloader-wrap\">\n\t\t<div class=\"vp-portfolio__preloader\">\n\t\t\t<img decoding=\"async\" loading=\"eager\" src=\"https:\/\/estpab.fr\/wp-content\/plugins\/visual-portfolio\/assets\/images\/logo-dark.svg\" alt=\"Visual Portfolio, Posts &amp; Image Gallery for WordPress\" width=\"20\" height=\"20\" data-skip-lazy>\n\t\t<\/div>\n\t<\/div>\n\t\t<div class=\"vp-portfolio__items-wrap\">\n\t\t\t\n<div class=\"vp-portfolio__items vp-portfolio__items-style-default vp-portfolio__items-show-overlay-hover\">\n\n\t\t<div\t\tclass=\"vp-portfolio__item-wrap vp-portfolio__item-uid-f17e9745\" data-vp-filter=\"\" \t\t>\n\t\t\t<template class=\"vp-portfolio__item-popup\" data-vp-popup-img=\"https:\/\/estpab.fr\/wp-content\/uploads\/2025\/03\/bd980107-d40b-4d00-a226-97f48fc254c0-1-1920x1248.png\" data-vp-popup-img-srcset=\"https:\/\/estpab.fr\/wp-content\/uploads\/2025\/03\/bd980107-d40b-4d00-a226-97f48fc254c0-1-1920x1248.png 1920w, https:\/\/estpab.fr\/wp-content\/uploads\/2025\/03\/bd980107-d40b-4d00-a226-97f48fc254c0-1-300x195.png 300w, https:\/\/estpab.fr\/wp-content\/uploads\/2025\/03\/bd980107-d40b-4d00-a226-97f48fc254c0-1-1024x666.png 1024w, https:\/\/estpab.fr\/wp-content\/uploads\/2025\/03\/bd980107-d40b-4d00-a226-97f48fc254c0-1-768x499.png 768w, https:\/\/estpab.fr\/wp-content\/uploads\/2025\/03\/bd980107-d40b-4d00-a226-97f48fc254c0-1-1536x998.png 1536w, https:\/\/estpab.fr\/wp-content\/uploads\/2025\/03\/bd980107-d40b-4d00-a226-97f48fc254c0-1-2048x1331.png 2048w, https:\/\/estpab.fr\/wp-content\/uploads\/2025\/03\/bd980107-d40b-4d00-a226-97f48fc254c0-1-500x325.png 500w, https:\/\/estpab.fr\/wp-content\/uploads\/2025\/03\/bd980107-d40b-4d00-a226-97f48fc254c0-1-800x520.png 800w, https:\/\/estpab.fr\/wp-content\/uploads\/2025\/03\/bd980107-d40b-4d00-a226-97f48fc254c0-1-1280x832.png 1280w\" data-vp-popup-img-size=\"1920x1248\" data-vp-popup-md-img=\"https:\/\/estpab.fr\/wp-content\/uploads\/2025\/03\/bd980107-d40b-4d00-a226-97f48fc254c0-1-800x520.png\" data-vp-popup-md-img-size=\"800x520\" data-vp-popup-sm-img=\"https:\/\/estpab.fr\/wp-content\/uploads\/2025\/03\/bd980107-d40b-4d00-a226-97f48fc254c0-1-500x325.png\" data-vp-popup-sm-img-size=\"500x325\">\n\t<\/template>\n\t\t\t\t\t\t<figure class=\"vp-portfolio__item\">\n\t\t\t\t\n<div class=\"vp-portfolio__item-img-wrap\">\n\t<div class=\"vp-portfolio__item-img\">\n\t\t\t<a\n\t\thref=\"https:\/\/estpab.fr\/wp-content\/uploads\/2025\/03\/bd980107-d40b-4d00-a226-97f48fc254c0-1-1920x1248.png\"\n\t\t\t>\n\t\n\t\t<noscript><img loading=\"lazy\" decoding=\"async\" width=\"1920\" height=\"1248\" data-skip-lazy src=\"https:\/\/estpab.fr\/wp-content\/uploads\/2025\/03\/bd980107-d40b-4d00-a226-97f48fc254c0-1-1920x1248.png\" class=\"wp-image-146\" alt=\"\" srcset=\"https:\/\/estpab.fr\/wp-content\/uploads\/2025\/03\/bd980107-d40b-4d00-a226-97f48fc254c0-1-1920x1248.png 1920w, https:\/\/estpab.fr\/wp-content\/uploads\/2025\/03\/bd980107-d40b-4d00-a226-97f48fc254c0-1-300x195.png 300w, https:\/\/estpab.fr\/wp-content\/uploads\/2025\/03\/bd980107-d40b-4d00-a226-97f48fc254c0-1-1024x666.png 1024w, https:\/\/estpab.fr\/wp-content\/uploads\/2025\/03\/bd980107-d40b-4d00-a226-97f48fc254c0-1-768x499.png 768w, https:\/\/estpab.fr\/wp-content\/uploads\/2025\/03\/bd980107-d40b-4d00-a226-97f48fc254c0-1-1536x998.png 1536w, https:\/\/estpab.fr\/wp-content\/uploads\/2025\/03\/bd980107-d40b-4d00-a226-97f48fc254c0-1-2048x1331.png 2048w, https:\/\/estpab.fr\/wp-content\/uploads\/2025\/03\/bd980107-d40b-4d00-a226-97f48fc254c0-1-500x325.png 500w, https:\/\/estpab.fr\/wp-content\/uploads\/2025\/03\/bd980107-d40b-4d00-a226-97f48fc254c0-1-800x520.png 800w, https:\/\/estpab.fr\/wp-content\/uploads\/2025\/03\/bd980107-d40b-4d00-a226-97f48fc254c0-1-1280x832.png 1280w\" sizes=\"auto, (max-width: 1920px) 100vw, 1920px\" \/><\/noscript><img fetchpriority=\"high\" decoding=\"async\" width=\"1920\" height=\"1248\" src=\"https:\/\/estpab.fr\/wp-content\/uploads\/2025\/03\/bd980107-d40b-4d00-a226-97f48fc254c0-1-1920x1248.png\" class=\"wp-image-146 vp-lazyload\" alt srcset=\"data:image\/svg+xml;base64,PHN2ZyB3aWR0aD0iMTkyMCIgaGVpZ2h0PSIxMjQ4IiB2aWV3Qm94PSIwIDAgMTkyMCAxMjQ4IiBmaWxsPSJub25lIiB4bWxucz0iaHR0cDovL3d3dy53My5vcmcvMjAwMC9zdmciPjwvc3ZnPg==\" data-src=\"https:\/\/estpab.fr\/wp-content\/uploads\/2025\/03\/bd980107-d40b-4d00-a226-97f48fc254c0-1-1920x1248.png\" data-srcset=\"https:\/\/estpab.fr\/wp-content\/uploads\/2025\/03\/bd980107-d40b-4d00-a226-97f48fc254c0-1-1920x1248.png 1920w, https:\/\/estpab.fr\/wp-content\/uploads\/2025\/03\/bd980107-d40b-4d00-a226-97f48fc254c0-1-300x195.png 300w, https:\/\/estpab.fr\/wp-content\/uploads\/2025\/03\/bd980107-d40b-4d00-a226-97f48fc254c0-1-1024x666.png 1024w, https:\/\/estpab.fr\/wp-content\/uploads\/2025\/03\/bd980107-d40b-4d00-a226-97f48fc254c0-1-768x499.png 768w, https:\/\/estpab.fr\/wp-content\/uploads\/2025\/03\/bd980107-d40b-4d00-a226-97f48fc254c0-1-1536x998.png 1536w, https:\/\/estpab.fr\/wp-content\/uploads\/2025\/03\/bd980107-d40b-4d00-a226-97f48fc254c0-1-2048x1331.png 2048w, https:\/\/estpab.fr\/wp-content\/uploads\/2025\/03\/bd980107-d40b-4d00-a226-97f48fc254c0-1-500x325.png 500w, https:\/\/estpab.fr\/wp-content\/uploads\/2025\/03\/bd980107-d40b-4d00-a226-97f48fc254c0-1-800x520.png 800w, https:\/\/estpab.fr\/wp-content\/uploads\/2025\/03\/bd980107-d40b-4d00-a226-97f48fc254c0-1-1280x832.png 1280w\" data-sizes=\"auto\" loading=\"eager\">\n\t\t<div class=\"vp-portfolio__item-overlay\">\n\t\t\t\t\t<\/div>\n\n\t\t<\/a>\t<\/div>\n<\/div>\n\n\t\t\t<\/figure>\n\t\t\t\t\t<\/div>\n\t\t\n\t\t<div\t\tclass=\"vp-portfolio__item-wrap vp-portfolio__item-uid-d0cba19a\" data-vp-filter=\"\" style=\"--vp-images__object-position: 51% 48%;\" \t\t>\n\t\t\t<template class=\"vp-portfolio__item-popup\" data-vp-popup-img=\"https:\/\/estpab.fr\/wp-content\/uploads\/2025\/03\/329351bc-8a62-49a6-9763-1c666b05162c-1-1920x1302.jpg\" data-vp-popup-img-srcset=\"https:\/\/estpab.fr\/wp-content\/uploads\/2025\/03\/329351bc-8a62-49a6-9763-1c666b05162c-1-1920x1302.jpg 1920w, https:\/\/estpab.fr\/wp-content\/uploads\/2025\/03\/329351bc-8a62-49a6-9763-1c666b05162c-1-300x203.jpg 300w, https:\/\/estpab.fr\/wp-content\/uploads\/2025\/03\/329351bc-8a62-49a6-9763-1c666b05162c-1-1024x695.jpg 1024w, https:\/\/estpab.fr\/wp-content\/uploads\/2025\/03\/329351bc-8a62-49a6-9763-1c666b05162c-1-768x521.jpg 768w, https:\/\/estpab.fr\/wp-content\/uploads\/2025\/03\/329351bc-8a62-49a6-9763-1c666b05162c-1-1536x1042.jpg 1536w, https:\/\/estpab.fr\/wp-content\/uploads\/2025\/03\/329351bc-8a62-49a6-9763-1c666b05162c-1-2048x1389.jpg 2048w, https:\/\/estpab.fr\/wp-content\/uploads\/2025\/03\/329351bc-8a62-49a6-9763-1c666b05162c-1-500x339.jpg 500w, https:\/\/estpab.fr\/wp-content\/uploads\/2025\/03\/329351bc-8a62-49a6-9763-1c666b05162c-1-800x543.jpg 800w, https:\/\/estpab.fr\/wp-content\/uploads\/2025\/03\/329351bc-8a62-49a6-9763-1c666b05162c-1-1280x868.jpg 1280w\" data-vp-popup-img-size=\"1920x1302\" data-vp-popup-md-img=\"https:\/\/estpab.fr\/wp-content\/uploads\/2025\/03\/329351bc-8a62-49a6-9763-1c666b05162c-1-800x543.jpg\" data-vp-popup-md-img-size=\"800x543\" data-vp-popup-sm-img=\"https:\/\/estpab.fr\/wp-content\/uploads\/2025\/03\/329351bc-8a62-49a6-9763-1c666b05162c-1-500x339.jpg\" data-vp-popup-sm-img-size=\"500x339\">\n\t<\/template>\n\t\t\t\t\t\t<figure class=\"vp-portfolio__item\">\n\t\t\t\t\n<div class=\"vp-portfolio__item-img-wrap\">\n\t<div class=\"vp-portfolio__item-img\">\n\t\t\t<a\n\t\thref=\"https:\/\/estpab.fr\/wp-content\/uploads\/2025\/03\/329351bc-8a62-49a6-9763-1c666b05162c-1-1920x1302.jpg\"\n\t\t\t>\n\t\n\t\t<noscript><img loading=\"lazy\" decoding=\"async\" width=\"1920\" height=\"1302\" data-skip-lazy src=\"https:\/\/estpab.fr\/wp-content\/uploads\/2025\/03\/329351bc-8a62-49a6-9763-1c666b05162c-1-1920x1302.jpg\" class=\"wp-image-145\" alt=\"\" srcset=\"https:\/\/estpab.fr\/wp-content\/uploads\/2025\/03\/329351bc-8a62-49a6-9763-1c666b05162c-1-1920x1302.jpg 1920w, https:\/\/estpab.fr\/wp-content\/uploads\/2025\/03\/329351bc-8a62-49a6-9763-1c666b05162c-1-300x203.jpg 300w, https:\/\/estpab.fr\/wp-content\/uploads\/2025\/03\/329351bc-8a62-49a6-9763-1c666b05162c-1-1024x695.jpg 1024w, https:\/\/estpab.fr\/wp-content\/uploads\/2025\/03\/329351bc-8a62-49a6-9763-1c666b05162c-1-768x521.jpg 768w, https:\/\/estpab.fr\/wp-content\/uploads\/2025\/03\/329351bc-8a62-49a6-9763-1c666b05162c-1-1536x1042.jpg 1536w, https:\/\/estpab.fr\/wp-content\/uploads\/2025\/03\/329351bc-8a62-49a6-9763-1c666b05162c-1-2048x1389.jpg 2048w, https:\/\/estpab.fr\/wp-content\/uploads\/2025\/03\/329351bc-8a62-49a6-9763-1c666b05162c-1-500x339.jpg 500w, https:\/\/estpab.fr\/wp-content\/uploads\/2025\/03\/329351bc-8a62-49a6-9763-1c666b05162c-1-800x543.jpg 800w, https:\/\/estpab.fr\/wp-content\/uploads\/2025\/03\/329351bc-8a62-49a6-9763-1c666b05162c-1-1280x868.jpg 1280w\" sizes=\"auto, (max-width: 1920px) 100vw, 1920px\" \/><\/noscript><img decoding=\"async\" width=\"1920\" height=\"1302\" src=\"https:\/\/estpab.fr\/wp-content\/uploads\/2025\/03\/329351bc-8a62-49a6-9763-1c666b05162c-1-1920x1302.jpg\" class=\"wp-image-145 vp-lazyload\" alt srcset=\"data:image\/svg+xml;base64,PHN2ZyB3aWR0aD0iMTkyMCIgaGVpZ2h0PSIxMzAyIiB2aWV3Qm94PSIwIDAgMTkyMCAxMzAyIiBmaWxsPSJub25lIiB4bWxucz0iaHR0cDovL3d3dy53My5vcmcvMjAwMC9zdmciPjwvc3ZnPg==\" data-src=\"https:\/\/estpab.fr\/wp-content\/uploads\/2025\/03\/329351bc-8a62-49a6-9763-1c666b05162c-1-1920x1302.jpg\" data-srcset=\"https:\/\/estpab.fr\/wp-content\/uploads\/2025\/03\/329351bc-8a62-49a6-9763-1c666b05162c-1-1920x1302.jpg 1920w, https:\/\/estpab.fr\/wp-content\/uploads\/2025\/03\/329351bc-8a62-49a6-9763-1c666b05162c-1-300x203.jpg 300w, https:\/\/estpab.fr\/wp-content\/uploads\/2025\/03\/329351bc-8a62-49a6-9763-1c666b05162c-1-1024x695.jpg 1024w, https:\/\/estpab.fr\/wp-content\/uploads\/2025\/03\/329351bc-8a62-49a6-9763-1c666b05162c-1-768x521.jpg 768w, https:\/\/estpab.fr\/wp-content\/uploads\/2025\/03\/329351bc-8a62-49a6-9763-1c666b05162c-1-1536x1042.jpg 1536w, https:\/\/estpab.fr\/wp-content\/uploads\/2025\/03\/329351bc-8a62-49a6-9763-1c666b05162c-1-2048x1389.jpg 2048w, https:\/\/estpab.fr\/wp-content\/uploads\/2025\/03\/329351bc-8a62-49a6-9763-1c666b05162c-1-500x339.jpg 500w, https:\/\/estpab.fr\/wp-content\/uploads\/2025\/03\/329351bc-8a62-49a6-9763-1c666b05162c-1-800x543.jpg 800w, https:\/\/estpab.fr\/wp-content\/uploads\/2025\/03\/329351bc-8a62-49a6-9763-1c666b05162c-1-1280x868.jpg 1280w\" data-sizes=\"auto\" loading=\"eager\">\n\t\t<div class=\"vp-portfolio__item-overlay\">\n\t\t\t\t\t<\/div>\n\n\t\t<\/a>\t<\/div>\n<\/div>\n\n\t\t\t<\/figure>\n\t\t\t\t\t<\/div>\n\t\t\n\t\t<div\t\tclass=\"vp-portfolio__item-wrap vp-portfolio__item-uid-b5793ee2\" data-vp-filter=\"\" \t\t>\n\t\t\t<template class=\"vp-portfolio__item-popup\" data-vp-popup-img=\"https:\/\/estpab.fr\/wp-content\/uploads\/2025\/03\/f995f8a8-6eb1-421b-979b-cd0a1bb8383a-1.png\" data-vp-popup-img-srcset=\"https:\/\/estpab.fr\/wp-content\/uploads\/2025\/03\/f995f8a8-6eb1-421b-979b-cd0a1bb8383a-1.png 606w, https:\/\/estpab.fr\/wp-content\/uploads\/2025\/03\/f995f8a8-6eb1-421b-979b-cd0a1bb8383a-1-281x300.png 281w, https:\/\/estpab.fr\/wp-content\/uploads\/2025\/03\/f995f8a8-6eb1-421b-979b-cd0a1bb8383a-1-500x534.png 500w\" data-vp-popup-img-size=\"606x647\" data-vp-popup-md-img=\"https:\/\/estpab.fr\/wp-content\/uploads\/2025\/03\/f995f8a8-6eb1-421b-979b-cd0a1bb8383a-1.png\" data-vp-popup-md-img-size=\"606x647\" data-vp-popup-sm-img=\"https:\/\/estpab.fr\/wp-content\/uploads\/2025\/03\/f995f8a8-6eb1-421b-979b-cd0a1bb8383a-1-500x534.png\" data-vp-popup-sm-img-size=\"500x534\">\n\t<\/template>\n\t\t\t\t\t\t<figure class=\"vp-portfolio__item\">\n\t\t\t\t\n<div class=\"vp-portfolio__item-img-wrap\">\n\t<div class=\"vp-portfolio__item-img\">\n\t\t\t<a\n\t\thref=\"https:\/\/estpab.fr\/wp-content\/uploads\/2025\/03\/f995f8a8-6eb1-421b-979b-cd0a1bb8383a-1.png\"\n\t\t\t>\n\t\n\t\t<noscript><img loading=\"lazy\" decoding=\"async\" width=\"606\" height=\"647\" data-skip-lazy src=\"https:\/\/estpab.fr\/wp-content\/uploads\/2025\/03\/f995f8a8-6eb1-421b-979b-cd0a1bb8383a-1.png\" class=\"wp-image-144\" alt=\"\" srcset=\"https:\/\/estpab.fr\/wp-content\/uploads\/2025\/03\/f995f8a8-6eb1-421b-979b-cd0a1bb8383a-1.png 606w, https:\/\/estpab.fr\/wp-content\/uploads\/2025\/03\/f995f8a8-6eb1-421b-979b-cd0a1bb8383a-1-281x300.png 281w, https:\/\/estpab.fr\/wp-content\/uploads\/2025\/03\/f995f8a8-6eb1-421b-979b-cd0a1bb8383a-1-500x534.png 500w\" sizes=\"auto, (max-width: 606px) 100vw, 606px\" \/><\/noscript><img decoding=\"async\" width=\"606\" height=\"647\" src=\"https:\/\/estpab.fr\/wp-content\/uploads\/2025\/03\/f995f8a8-6eb1-421b-979b-cd0a1bb8383a-1.png\" class=\"wp-image-144 vp-lazyload\" alt srcset=\"data:image\/svg+xml;base64,PHN2ZyB3aWR0aD0iNjA2IiBoZWlnaHQ9IjY0NyIgdmlld0JveD0iMCAwIDYwNiA2NDciIGZpbGw9Im5vbmUiIHhtbG5zPSJodHRwOi8vd3d3LnczLm9yZy8yMDAwL3N2ZyI+PC9zdmc+\" data-src=\"https:\/\/estpab.fr\/wp-content\/uploads\/2025\/03\/f995f8a8-6eb1-421b-979b-cd0a1bb8383a-1.png\" data-srcset=\"https:\/\/estpab.fr\/wp-content\/uploads\/2025\/03\/f995f8a8-6eb1-421b-979b-cd0a1bb8383a-1.png 606w, https:\/\/estpab.fr\/wp-content\/uploads\/2025\/03\/f995f8a8-6eb1-421b-979b-cd0a1bb8383a-1-281x300.png 281w, https:\/\/estpab.fr\/wp-content\/uploads\/2025\/03\/f995f8a8-6eb1-421b-979b-cd0a1bb8383a-1-500x534.png 500w\" data-sizes=\"auto\" loading=\"eager\">\n\t\t<div class=\"vp-portfolio__item-overlay\">\n\t\t\t\t\t<\/div>\n\n\t\t<\/a>\t<\/div>\n<\/div>\n\n\t\t\t<\/figure>\n\t\t\t\t\t<\/div>\n\t\t\n<\/div>\n\t\t<\/div>\n\t\t\n<\/div>\n<\/div>\n\n\n<p><\/p>\n","protected":false},"excerpt":{"rendered":"<p>Cette plateforme regroupant les partenaires de BNP Paribas Cardif Italie, permet de proposer des offres sp\u00e9cialis\u00e9es sur les soin qui d\u00e9coulent de ce partenariat.&nbsp; Afin d\u2019acc\u00e9l\u00e9rer sa mise en production, un design sprint a \u00e9t\u00e9 r\u00e9alis\u00e9 avec un Product Owner, Project manager et d\u2019autres parties prenantes pour ce projet. Mon r\u00f4le de UX et UI [&hellip;]<\/p>\n","protected":false},"author":1,"featured_media":0,"parent":0,"menu_order":0,"comment_status":"closed","ping_status":"closed","template":"","meta":{"_vp_format_video_url":"","_vp_image_focal_point":[],"footnotes":""},"class_list":["post-44","page","type-page","status-publish","hentry"],"_links":{"self":[{"href":"https:\/\/estpab.fr\/index.php?rest_route=\/wp\/v2\/pages\/44","targetHints":{"allow":["GET"]}}],"collection":[{"href":"https:\/\/estpab.fr\/index.php?rest_route=\/wp\/v2\/pages"}],"about":[{"href":"https:\/\/estpab.fr\/index.php?rest_route=\/wp\/v2\/types\/page"}],"author":[{"embeddable":true,"href":"https:\/\/estpab.fr\/index.php?rest_route=\/wp\/v2\/users\/1"}],"replies":[{"embeddable":true,"href":"https:\/\/estpab.fr\/index.php?rest_route=%2Fwp%2Fv2%2Fcomments&post=44"}],"version-history":[{"count":5,"href":"https:\/\/estpab.fr\/index.php?rest_route=\/wp\/v2\/pages\/44\/revisions"}],"predecessor-version":[{"id":152,"href":"https:\/\/estpab.fr\/index.php?rest_route=\/wp\/v2\/pages\/44\/revisions\/152"}],"wp:attachment":[{"href":"https:\/\/estpab.fr\/index.php?rest_route=%2Fwp%2Fv2%2Fmedia&parent=44"}],"curies":[{"name":"wp","href":"https:\/\/api.w.org\/{rel}","templated":true}]}}