{"id":33,"date":"2025-03-26T04:26:07","date_gmt":"2025-03-26T03:26:07","guid":{"rendered":"https:\/\/estpab.fr\/?page_id=33"},"modified":"2025-03-26T05:16:54","modified_gmt":"2025-03-26T04:16:54","slug":"toutes-les-couleurs-du-monde","status":"publish","type":"page","link":"https:\/\/estpab.fr\/?page_id=33","title":{"rendered":"Toutes les couleurs du monde"},"content":{"rendered":"\n<p><strong>Toutes les couleurs du monde<\/strong><\/p>\n\n\n\n<p>Cette entreprise familiale cr\u00e9e sur mesure des ambiances \u00e0 travers le carrelage dans tous types d&rsquo;habitations.<br>Le but est de montrer l&rsquo;ambiance chaleureuse d&rsquo;un chez-soi et des carrelage de haute qualit\u00e9 permettant aux habitant de se sentir chez eux.&nbsp;Le sens du d\u00e9tail est le ma\u00eetre mot de cette entreprise.<\/p>\n\n\n\n<p>\u200b\u200b\u200b\u200b\u200b\u200b\u200bCr\u00e9ation d&rsquo;une landing page pr\u00e9sentant les valeurs de l&rsquo;entreprise et montrant \u00e0 travers un carrousel&nbsp;divers mat\u00e9riau&nbsp;et la rigueur de leur trac\u00e9 de travail. La possibilit\u00e9 de demander un devis doit \u00eatre mise en avant.&nbsp;<br>Elaboration d&rsquo;une charte graphique, d&rsquo;un design system l\u00e9ger pr\u00e9sentant la modularit\u00e9 du carr\u00e9 et des textures du carrelage.<\/p>\n\n\n<div class=\"wp-block-visual-portfolio alignwide\">\n<div class=\"vp-portfolio vp-uid-947b6093 vp-id-ZI9PPf\"\n\tdata-vp-layout=\"tiles\" data-vp-content-source=\"images\" data-vp-items-style=\"default\" data-vp-items-click-action=\"popup_gallery\" data-vp-items-gap=\"15\" data-vp-items-gap-vertical=\"\" data-vp-pagination=\"load-more\" data-vp-next-page-url=\"\" data-vp-tiles-type=\"1|1,0.5|\" >\n\t<div class=\"vp-portfolio__preloader-wrap\">\n\t\t<div class=\"vp-portfolio__preloader\">\n\t\t\t<img decoding=\"async\" loading=\"eager\" src=\"https:\/\/estpab.fr\/wp-content\/plugins\/visual-portfolio\/assets\/images\/logo-dark.svg\" alt=\"Visual Portfolio, Posts &amp; Image Gallery for WordPress\" width=\"20\" height=\"20\" data-skip-lazy>\n\t\t<\/div>\n\t<\/div>\n\t\t<div class=\"vp-portfolio__items-wrap\">\n\t\t\t\n<div class=\"vp-portfolio__items vp-portfolio__items-style-default vp-portfolio__items-show-overlay-hover\">\n\n\t\t<div\t\tclass=\"vp-portfolio__item-wrap vp-portfolio__item-uid-379b2d52\" data-vp-filter=\"\" \t\t>\n\t\t\t<template class=\"vp-portfolio__item-popup\" data-vp-popup-img=\"https:\/\/estpab.fr\/wp-content\/uploads\/2025\/03\/eabd9f90-fcb8-45bd-ac9d-d59370c86154.png\" data-vp-popup-img-srcset=\"https:\/\/estpab.fr\/wp-content\/uploads\/2025\/03\/eabd9f90-fcb8-45bd-ac9d-d59370c86154.png 2187w, https:\/\/estpab.fr\/wp-content\/uploads\/2025\/03\/eabd9f90-fcb8-45bd-ac9d-d59370c86154-300x271.png 300w, https:\/\/estpab.fr\/wp-content\/uploads\/2025\/03\/eabd9f90-fcb8-45bd-ac9d-d59370c86154-1024x923.png 1024w, https:\/\/estpab.fr\/wp-content\/uploads\/2025\/03\/eabd9f90-fcb8-45bd-ac9d-d59370c86154-768x692.png 768w, https:\/\/estpab.fr\/wp-content\/uploads\/2025\/03\/eabd9f90-fcb8-45bd-ac9d-d59370c86154-1536x1385.png 1536w, https:\/\/estpab.fr\/wp-content\/uploads\/2025\/03\/eabd9f90-fcb8-45bd-ac9d-d59370c86154-2048x1847.png 2048w\" data-vp-popup-img-size=\"1920x1731\" data-vp-popup-md-img=\"https:\/\/estpab.fr\/wp-content\/uploads\/2025\/03\/eabd9f90-fcb8-45bd-ac9d-d59370c86154.png\" data-vp-popup-md-img-size=\"800x721\" data-vp-popup-sm-img=\"https:\/\/estpab.fr\/wp-content\/uploads\/2025\/03\/eabd9f90-fcb8-45bd-ac9d-d59370c86154.png\" data-vp-popup-sm-img-size=\"500x451\">\n\t<\/template>\n\t\t\t\t\t\t<figure class=\"vp-portfolio__item\">\n\t\t\t\t\n<div class=\"vp-portfolio__item-img-wrap\">\n\t<div class=\"vp-portfolio__item-img\">\n\t\t\t<a\n\t\thref=\"https:\/\/estpab.fr\/wp-content\/uploads\/2025\/03\/eabd9f90-fcb8-45bd-ac9d-d59370c86154.png\"\n\t\t\t>\n\t\n\t\t<noscript><img loading=\"lazy\" decoding=\"async\" width=\"1920\" height=\"1731\" data-skip-lazy src=\"https:\/\/estpab.fr\/wp-content\/uploads\/2025\/03\/eabd9f90-fcb8-45bd-ac9d-d59370c86154.png\" class=\"wp-image-129\" alt=\"\" srcset=\"https:\/\/estpab.fr\/wp-content\/uploads\/2025\/03\/eabd9f90-fcb8-45bd-ac9d-d59370c86154.png 2187w, https:\/\/estpab.fr\/wp-content\/uploads\/2025\/03\/eabd9f90-fcb8-45bd-ac9d-d59370c86154-300x271.png 300w, https:\/\/estpab.fr\/wp-content\/uploads\/2025\/03\/eabd9f90-fcb8-45bd-ac9d-d59370c86154-1024x923.png 1024w, https:\/\/estpab.fr\/wp-content\/uploads\/2025\/03\/eabd9f90-fcb8-45bd-ac9d-d59370c86154-768x692.png 768w, https:\/\/estpab.fr\/wp-content\/uploads\/2025\/03\/eabd9f90-fcb8-45bd-ac9d-d59370c86154-1536x1385.png 1536w, https:\/\/estpab.fr\/wp-content\/uploads\/2025\/03\/eabd9f90-fcb8-45bd-ac9d-d59370c86154-2048x1847.png 2048w\" sizes=\"auto, (max-width: 1920px) 100vw, 1920px\" \/><\/noscript><img fetchpriority=\"high\" decoding=\"async\" width=\"1920\" height=\"1731\" src=\"https:\/\/estpab.fr\/wp-content\/uploads\/2025\/03\/eabd9f90-fcb8-45bd-ac9d-d59370c86154.png\" class=\"wp-image-129 vp-lazyload\" alt srcset=\"data:image\/svg+xml;base64,PHN2ZyB3aWR0aD0iMTkyMCIgaGVpZ2h0PSIxNzMxIiB2aWV3Qm94PSIwIDAgMTkyMCAxNzMxIiBmaWxsPSJub25lIiB4bWxucz0iaHR0cDovL3d3dy53My5vcmcvMjAwMC9zdmciPjwvc3ZnPg==\" data-src=\"https:\/\/estpab.fr\/wp-content\/uploads\/2025\/03\/eabd9f90-fcb8-45bd-ac9d-d59370c86154.png\" data-srcset=\"https:\/\/estpab.fr\/wp-content\/uploads\/2025\/03\/eabd9f90-fcb8-45bd-ac9d-d59370c86154.png 2187w, https:\/\/estpab.fr\/wp-content\/uploads\/2025\/03\/eabd9f90-fcb8-45bd-ac9d-d59370c86154-300x271.png 300w, https:\/\/estpab.fr\/wp-content\/uploads\/2025\/03\/eabd9f90-fcb8-45bd-ac9d-d59370c86154-1024x923.png 1024w, https:\/\/estpab.fr\/wp-content\/uploads\/2025\/03\/eabd9f90-fcb8-45bd-ac9d-d59370c86154-768x692.png 768w, https:\/\/estpab.fr\/wp-content\/uploads\/2025\/03\/eabd9f90-fcb8-45bd-ac9d-d59370c86154-1536x1385.png 1536w, https:\/\/estpab.fr\/wp-content\/uploads\/2025\/03\/eabd9f90-fcb8-45bd-ac9d-d59370c86154-2048x1847.png 2048w\" data-sizes=\"auto\" loading=\"eager\">\n\t\t<div class=\"vp-portfolio__item-overlay\">\n\t\t\t\t\t<\/div>\n\n\t\t<\/a>\t<\/div>\n<\/div>\n\n\t\t\t<\/figure>\n\t\t\t\t\t<\/div>\n\t\t\n\t\t<div\t\tclass=\"vp-portfolio__item-wrap vp-portfolio__item-uid-efe0c3d2\" data-vp-filter=\"\" \t\t>\n\t\t\t<template class=\"vp-portfolio__item-popup\" data-vp-popup-img=\"https:\/\/estpab.fr\/wp-content\/uploads\/2025\/03\/4fde0fa7-0a02-4de1-9817-65c237295154.png\" data-vp-popup-img-srcset=\"https:\/\/estpab.fr\/wp-content\/uploads\/2025\/03\/4fde0fa7-0a02-4de1-9817-65c237295154.png 1960w, https:\/\/estpab.fr\/wp-content\/uploads\/2025\/03\/4fde0fa7-0a02-4de1-9817-65c237295154-145x300.png 145w, https:\/\/estpab.fr\/wp-content\/uploads\/2025\/03\/4fde0fa7-0a02-4de1-9817-65c237295154-493x1024.png 493w, https:\/\/estpab.fr\/wp-content\/uploads\/2025\/03\/4fde0fa7-0a02-4de1-9817-65c237295154-768x1594.png 768w, https:\/\/estpab.fr\/wp-content\/uploads\/2025\/03\/4fde0fa7-0a02-4de1-9817-65c237295154-740x1536.png 740w, https:\/\/estpab.fr\/wp-content\/uploads\/2025\/03\/4fde0fa7-0a02-4de1-9817-65c237295154-987x2048.png 987w\" data-vp-popup-img-size=\"1920x3985\" data-vp-popup-md-img=\"https:\/\/estpab.fr\/wp-content\/uploads\/2025\/03\/4fde0fa7-0a02-4de1-9817-65c237295154.png\" data-vp-popup-md-img-size=\"800x1660\" data-vp-popup-sm-img=\"https:\/\/estpab.fr\/wp-content\/uploads\/2025\/03\/4fde0fa7-0a02-4de1-9817-65c237295154.png\" data-vp-popup-sm-img-size=\"500x1038\">\n\t<\/template>\n\t\t\t\t\t\t<figure class=\"vp-portfolio__item\">\n\t\t\t\t\n<div class=\"vp-portfolio__item-img-wrap\">\n\t<div class=\"vp-portfolio__item-img\">\n\t\t\t<a\n\t\thref=\"https:\/\/estpab.fr\/wp-content\/uploads\/2025\/03\/4fde0fa7-0a02-4de1-9817-65c237295154.png\"\n\t\t\t>\n\t\n\t\t<noscript><img loading=\"lazy\" decoding=\"async\" width=\"1920\" height=\"3985\" data-skip-lazy src=\"https:\/\/estpab.fr\/wp-content\/uploads\/2025\/03\/4fde0fa7-0a02-4de1-9817-65c237295154.png\" class=\"wp-image-130\" alt=\"\" srcset=\"https:\/\/estpab.fr\/wp-content\/uploads\/2025\/03\/4fde0fa7-0a02-4de1-9817-65c237295154.png 1960w, https:\/\/estpab.fr\/wp-content\/uploads\/2025\/03\/4fde0fa7-0a02-4de1-9817-65c237295154-145x300.png 145w, https:\/\/estpab.fr\/wp-content\/uploads\/2025\/03\/4fde0fa7-0a02-4de1-9817-65c237295154-493x1024.png 493w, https:\/\/estpab.fr\/wp-content\/uploads\/2025\/03\/4fde0fa7-0a02-4de1-9817-65c237295154-768x1594.png 768w, https:\/\/estpab.fr\/wp-content\/uploads\/2025\/03\/4fde0fa7-0a02-4de1-9817-65c237295154-740x1536.png 740w, https:\/\/estpab.fr\/wp-content\/uploads\/2025\/03\/4fde0fa7-0a02-4de1-9817-65c237295154-987x2048.png 987w\" sizes=\"auto, (max-width: 1920px) 100vw, 1920px\" \/><\/noscript><img decoding=\"async\" width=\"1920\" height=\"3985\" src=\"https:\/\/estpab.fr\/wp-content\/uploads\/2025\/03\/4fde0fa7-0a02-4de1-9817-65c237295154.png\" class=\"wp-image-130 vp-lazyload\" alt srcset=\"data:image\/svg+xml;base64,PHN2ZyB3aWR0aD0iMTkyMCIgaGVpZ2h0PSIzOTg1IiB2aWV3Qm94PSIwIDAgMTkyMCAzOTg1IiBmaWxsPSJub25lIiB4bWxucz0iaHR0cDovL3d3dy53My5vcmcvMjAwMC9zdmciPjwvc3ZnPg==\" data-src=\"https:\/\/estpab.fr\/wp-content\/uploads\/2025\/03\/4fde0fa7-0a02-4de1-9817-65c237295154.png\" data-srcset=\"https:\/\/estpab.fr\/wp-content\/uploads\/2025\/03\/4fde0fa7-0a02-4de1-9817-65c237295154.png 1960w, https:\/\/estpab.fr\/wp-content\/uploads\/2025\/03\/4fde0fa7-0a02-4de1-9817-65c237295154-145x300.png 145w, https:\/\/estpab.fr\/wp-content\/uploads\/2025\/03\/4fde0fa7-0a02-4de1-9817-65c237295154-493x1024.png 493w, https:\/\/estpab.fr\/wp-content\/uploads\/2025\/03\/4fde0fa7-0a02-4de1-9817-65c237295154-768x1594.png 768w, https:\/\/estpab.fr\/wp-content\/uploads\/2025\/03\/4fde0fa7-0a02-4de1-9817-65c237295154-740x1536.png 740w, https:\/\/estpab.fr\/wp-content\/uploads\/2025\/03\/4fde0fa7-0a02-4de1-9817-65c237295154-987x2048.png 987w\" data-sizes=\"auto\" loading=\"eager\">\n\t\t<div class=\"vp-portfolio__item-overlay\">\n\t\t\t\t\t<\/div>\n\n\t\t<\/a>\t<\/div>\n<\/div>\n\n\t\t\t<\/figure>\n\t\t\t\t\t<\/div>\n\t\t\n<\/div>\n\t\t<\/div>\n\t\t\n<\/div>\n<\/div>\n\n\n<div class=\"wp-block-group is-layout-constrained wp-block-group-is-layout-constrained\"><\/div>\n","protected":false},"excerpt":{"rendered":"<p>Toutes les couleurs du monde Cette entreprise familiale cr\u00e9e sur mesure des ambiances \u00e0 travers le carrelage dans tous types d&rsquo;habitations.Le but est de montrer l&rsquo;ambiance chaleureuse d&rsquo;un chez-soi et des carrelage de haute qualit\u00e9 permettant aux habitant de se sentir chez eux.&nbsp;Le sens du d\u00e9tail est le ma\u00eetre mot de cette entreprise. \u200b\u200b\u200b\u200b\u200b\u200b\u200bCr\u00e9ation d&rsquo;une [&hellip;]<\/p>\n","protected":false},"author":1,"featured_media":0,"parent":0,"menu_order":0,"comment_status":"closed","ping_status":"closed","template":"","meta":{"_vp_format_video_url":"","_vp_image_focal_point":[],"footnotes":""},"class_list":["post-33","page","type-page","status-publish","hentry"],"_links":{"self":[{"href":"https:\/\/estpab.fr\/index.php?rest_route=\/wp\/v2\/pages\/33","targetHints":{"allow":["GET"]}}],"collection":[{"href":"https:\/\/estpab.fr\/index.php?rest_route=\/wp\/v2\/pages"}],"about":[{"href":"https:\/\/estpab.fr\/index.php?rest_route=\/wp\/v2\/types\/page"}],"author":[{"embeddable":true,"href":"https:\/\/estpab.fr\/index.php?rest_route=\/wp\/v2\/users\/1"}],"replies":[{"embeddable":true,"href":"https:\/\/estpab.fr\/index.php?rest_route=%2Fwp%2Fv2%2Fcomments&post=33"}],"version-history":[{"count":2,"href":"https:\/\/estpab.fr\/index.php?rest_route=\/wp\/v2\/pages\/33\/revisions"}],"predecessor-version":[{"id":155,"href":"https:\/\/estpab.fr\/index.php?rest_route=\/wp\/v2\/pages\/33\/revisions\/155"}],"wp:attachment":[{"href":"https:\/\/estpab.fr\/index.php?rest_route=%2Fwp%2Fv2%2Fmedia&parent=33"}],"curies":[{"name":"wp","href":"https:\/\/api.w.org\/{rel}","templated":true}]}}