{"id":25,"date":"2025-03-26T04:13:09","date_gmt":"2025-03-26T03:13:09","guid":{"rendered":"https:\/\/estpab.fr\/?page_id=25"},"modified":"2025-03-26T05:14:50","modified_gmt":"2025-03-26T04:14:50","slug":"velo-journey","status":"publish","type":"page","link":"https:\/\/estpab.fr\/?page_id=25","title":{"rendered":"V\u00e9lo Journey"},"content":{"rendered":"\n<p>V\u00e9lo Journey est une application de trajet en v\u00e9lo, proposant des trajets avec les d\u00e9tails du d\u00e9nivel\u00e9 et de la difficult\u00e9 du parcours. Le fond de Carte est tir\u00e9 d&rsquo;Open Street Map.&nbsp;<\/p>\n\n\n\n<p>Ce projet est toujours en cours actuellement (WIP).<\/p>\n\n\n\n<p>Cr\u00e9ation du Design System de l&rsquo;app sur Figma.<\/p>\n\n\n<div class=\"wp-block-visual-portfolio alignwide\">\n<div class=\"vp-portfolio vp-uid-8d4ff0f2 vp-id-Zn7Emx\"\n\tdata-vp-layout=\"tiles\" data-vp-content-source=\"images\" data-vp-items-style=\"default\" data-vp-items-click-action=\"popup_gallery\" data-vp-items-gap=\"15\" data-vp-items-gap-vertical=\"\" data-vp-pagination=\"load-more\" data-vp-next-page-url=\"\" data-vp-tiles-type=\"1|1,0.5|\" >\n\t<div class=\"vp-portfolio__preloader-wrap\">\n\t\t<div class=\"vp-portfolio__preloader\">\n\t\t\t<img decoding=\"async\" loading=\"eager\" src=\"https:\/\/estpab.fr\/wp-content\/plugins\/visual-portfolio\/assets\/images\/logo-dark.svg\" alt=\"Visual Portfolio, Posts &amp; Image Gallery for WordPress\" width=\"20\" height=\"20\" data-skip-lazy>\n\t\t<\/div>\n\t<\/div>\n\t\t<div class=\"vp-portfolio__items-wrap\">\n\t\t\t\n<div class=\"vp-portfolio__items vp-portfolio__items-style-default vp-portfolio__items-show-overlay-hover\">\n\n\t\t<div\t\tclass=\"vp-portfolio__item-wrap vp-portfolio__item-uid-6bb14e07\" data-vp-filter=\"\" \t\t>\n\t\t\t<template class=\"vp-portfolio__item-popup\" data-vp-popup-img=\"https:\/\/estpab.fr\/wp-content\/uploads\/2025\/03\/2735a002-24aa-4afb-8350-3ed0083489bf.png\" data-vp-popup-img-srcset=\"https:\/\/estpab.fr\/wp-content\/uploads\/2025\/03\/2735a002-24aa-4afb-8350-3ed0083489bf.png 5000w, https:\/\/estpab.fr\/wp-content\/uploads\/2025\/03\/2735a002-24aa-4afb-8350-3ed0083489bf-300x150.png 300w, https:\/\/estpab.fr\/wp-content\/uploads\/2025\/03\/2735a002-24aa-4afb-8350-3ed0083489bf-1024x512.png 1024w, https:\/\/estpab.fr\/wp-content\/uploads\/2025\/03\/2735a002-24aa-4afb-8350-3ed0083489bf-768x384.png 768w, https:\/\/estpab.fr\/wp-content\/uploads\/2025\/03\/2735a002-24aa-4afb-8350-3ed0083489bf-1536x768.png 1536w, https:\/\/estpab.fr\/wp-content\/uploads\/2025\/03\/2735a002-24aa-4afb-8350-3ed0083489bf-2048x1024.png 2048w\" data-vp-popup-img-size=\"1920x960\" data-vp-popup-md-img=\"https:\/\/estpab.fr\/wp-content\/uploads\/2025\/03\/2735a002-24aa-4afb-8350-3ed0083489bf.png\" data-vp-popup-md-img-size=\"800x400\" data-vp-popup-sm-img=\"https:\/\/estpab.fr\/wp-content\/uploads\/2025\/03\/2735a002-24aa-4afb-8350-3ed0083489bf.png\" data-vp-popup-sm-img-size=\"500x250\">\n\t<\/template>\n\t\t\t\t\t\t<figure class=\"vp-portfolio__item\">\n\t\t\t\t\n<div class=\"vp-portfolio__item-img-wrap\">\n\t<div class=\"vp-portfolio__item-img\">\n\t\t\t<a\n\t\thref=\"https:\/\/estpab.fr\/wp-content\/uploads\/2025\/03\/2735a002-24aa-4afb-8350-3ed0083489bf.png\"\n\t\t\t>\n\t\n\t\t<noscript><img loading=\"lazy\" decoding=\"async\" width=\"1920\" height=\"960\" data-skip-lazy src=\"https:\/\/estpab.fr\/wp-content\/uploads\/2025\/03\/2735a002-24aa-4afb-8350-3ed0083489bf.png\" class=\"wp-image-118\" alt=\"\" srcset=\"https:\/\/estpab.fr\/wp-content\/uploads\/2025\/03\/2735a002-24aa-4afb-8350-3ed0083489bf.png 5000w, https:\/\/estpab.fr\/wp-content\/uploads\/2025\/03\/2735a002-24aa-4afb-8350-3ed0083489bf-300x150.png 300w, https:\/\/estpab.fr\/wp-content\/uploads\/2025\/03\/2735a002-24aa-4afb-8350-3ed0083489bf-1024x512.png 1024w, https:\/\/estpab.fr\/wp-content\/uploads\/2025\/03\/2735a002-24aa-4afb-8350-3ed0083489bf-768x384.png 768w, https:\/\/estpab.fr\/wp-content\/uploads\/2025\/03\/2735a002-24aa-4afb-8350-3ed0083489bf-1536x768.png 1536w, https:\/\/estpab.fr\/wp-content\/uploads\/2025\/03\/2735a002-24aa-4afb-8350-3ed0083489bf-2048x1024.png 2048w\" sizes=\"auto, (max-width: 1920px) 100vw, 1920px\" \/><\/noscript><img fetchpriority=\"high\" decoding=\"async\" width=\"1920\" height=\"960\" src=\"https:\/\/estpab.fr\/wp-content\/uploads\/2025\/03\/2735a002-24aa-4afb-8350-3ed0083489bf.png\" class=\"wp-image-118 vp-lazyload\" alt srcset=\"data:image\/svg+xml;base64,PHN2ZyB3aWR0aD0iMTkyMCIgaGVpZ2h0PSI5NjAiIHZpZXdCb3g9IjAgMCAxOTIwIDk2MCIgZmlsbD0ibm9uZSIgeG1sbnM9Imh0dHA6Ly93d3cudzMub3JnLzIwMDAvc3ZnIj48L3N2Zz4=\" data-src=\"https:\/\/estpab.fr\/wp-content\/uploads\/2025\/03\/2735a002-24aa-4afb-8350-3ed0083489bf.png\" data-srcset=\"https:\/\/estpab.fr\/wp-content\/uploads\/2025\/03\/2735a002-24aa-4afb-8350-3ed0083489bf.png 5000w, https:\/\/estpab.fr\/wp-content\/uploads\/2025\/03\/2735a002-24aa-4afb-8350-3ed0083489bf-300x150.png 300w, https:\/\/estpab.fr\/wp-content\/uploads\/2025\/03\/2735a002-24aa-4afb-8350-3ed0083489bf-1024x512.png 1024w, https:\/\/estpab.fr\/wp-content\/uploads\/2025\/03\/2735a002-24aa-4afb-8350-3ed0083489bf-768x384.png 768w, https:\/\/estpab.fr\/wp-content\/uploads\/2025\/03\/2735a002-24aa-4afb-8350-3ed0083489bf-1536x768.png 1536w, https:\/\/estpab.fr\/wp-content\/uploads\/2025\/03\/2735a002-24aa-4afb-8350-3ed0083489bf-2048x1024.png 2048w\" data-sizes=\"auto\" loading=\"eager\">\n\t\t<div class=\"vp-portfolio__item-overlay\">\n\t\t\t\t\t<\/div>\n\n\t\t<\/a>\t<\/div>\n<\/div>\n\n\t\t\t<\/figure>\n\t\t\t\t\t<\/div>\n\t\t\n\t\t<div\t\tclass=\"vp-portfolio__item-wrap vp-portfolio__item-uid-a40a19f4\" data-vp-filter=\"\" \t\t>\n\t\t\t<template class=\"vp-portfolio__item-popup\" data-vp-popup-img=\"https:\/\/estpab.fr\/wp-content\/uploads\/2025\/03\/3fc61aa2-55d0-4cb7-858f-fb3c29678b52.png\" data-vp-popup-img-srcset=\"https:\/\/estpab.fr\/wp-content\/uploads\/2025\/03\/3fc61aa2-55d0-4cb7-858f-fb3c29678b52.png 1162w, https:\/\/estpab.fr\/wp-content\/uploads\/2025\/03\/3fc61aa2-55d0-4cb7-858f-fb3c29678b52-300x121.png 300w, https:\/\/estpab.fr\/wp-content\/uploads\/2025\/03\/3fc61aa2-55d0-4cb7-858f-fb3c29678b52-1024x412.png 1024w, https:\/\/estpab.fr\/wp-content\/uploads\/2025\/03\/3fc61aa2-55d0-4cb7-858f-fb3c29678b52-768x309.png 768w\" data-vp-popup-img-size=\"1162x467\" data-vp-popup-md-img=\"https:\/\/estpab.fr\/wp-content\/uploads\/2025\/03\/3fc61aa2-55d0-4cb7-858f-fb3c29678b52.png\" data-vp-popup-md-img-size=\"800x322\" data-vp-popup-sm-img=\"https:\/\/estpab.fr\/wp-content\/uploads\/2025\/03\/3fc61aa2-55d0-4cb7-858f-fb3c29678b52.png\" data-vp-popup-sm-img-size=\"500x201\">\n\t<\/template>\n\t\t\t\t\t\t<figure class=\"vp-portfolio__item\">\n\t\t\t\t\n<div class=\"vp-portfolio__item-img-wrap\">\n\t<div class=\"vp-portfolio__item-img\">\n\t\t\t<a\n\t\thref=\"https:\/\/estpab.fr\/wp-content\/uploads\/2025\/03\/3fc61aa2-55d0-4cb7-858f-fb3c29678b52.png\"\n\t\t\t>\n\t\n\t\t<noscript><img loading=\"lazy\" decoding=\"async\" width=\"1162\" height=\"467\" data-skip-lazy src=\"https:\/\/estpab.fr\/wp-content\/uploads\/2025\/03\/3fc61aa2-55d0-4cb7-858f-fb3c29678b52.png\" class=\"wp-image-119\" alt=\"\" srcset=\"https:\/\/estpab.fr\/wp-content\/uploads\/2025\/03\/3fc61aa2-55d0-4cb7-858f-fb3c29678b52.png 1162w, https:\/\/estpab.fr\/wp-content\/uploads\/2025\/03\/3fc61aa2-55d0-4cb7-858f-fb3c29678b52-300x121.png 300w, https:\/\/estpab.fr\/wp-content\/uploads\/2025\/03\/3fc61aa2-55d0-4cb7-858f-fb3c29678b52-1024x412.png 1024w, https:\/\/estpab.fr\/wp-content\/uploads\/2025\/03\/3fc61aa2-55d0-4cb7-858f-fb3c29678b52-768x309.png 768w\" sizes=\"auto, (max-width: 1162px) 100vw, 1162px\" \/><\/noscript><img decoding=\"async\" width=\"1162\" height=\"467\" src=\"https:\/\/estpab.fr\/wp-content\/uploads\/2025\/03\/3fc61aa2-55d0-4cb7-858f-fb3c29678b52.png\" class=\"wp-image-119 vp-lazyload\" alt srcset=\"data:image\/svg+xml;base64,PHN2ZyB3aWR0aD0iMTE2MiIgaGVpZ2h0PSI0NjciIHZpZXdCb3g9IjAgMCAxMTYyIDQ2NyIgZmlsbD0ibm9uZSIgeG1sbnM9Imh0dHA6Ly93d3cudzMub3JnLzIwMDAvc3ZnIj48L3N2Zz4=\" data-src=\"https:\/\/estpab.fr\/wp-content\/uploads\/2025\/03\/3fc61aa2-55d0-4cb7-858f-fb3c29678b52.png\" data-srcset=\"https:\/\/estpab.fr\/wp-content\/uploads\/2025\/03\/3fc61aa2-55d0-4cb7-858f-fb3c29678b52.png 1162w, https:\/\/estpab.fr\/wp-content\/uploads\/2025\/03\/3fc61aa2-55d0-4cb7-858f-fb3c29678b52-300x121.png 300w, https:\/\/estpab.fr\/wp-content\/uploads\/2025\/03\/3fc61aa2-55d0-4cb7-858f-fb3c29678b52-1024x412.png 1024w, https:\/\/estpab.fr\/wp-content\/uploads\/2025\/03\/3fc61aa2-55d0-4cb7-858f-fb3c29678b52-768x309.png 768w\" data-sizes=\"auto\" loading=\"eager\">\n\t\t<div class=\"vp-portfolio__item-overlay\">\n\t\t\t\t\t<\/div>\n\n\t\t<\/a>\t<\/div>\n<\/div>\n\n\t\t\t<\/figure>\n\t\t\t\t\t<\/div>\n\t\t\n<\/div>\n\t\t<\/div>\n\t\t\n<\/div>\n<\/div>","protected":false},"excerpt":{"rendered":"<p>V\u00e9lo Journey est une application de trajet en v\u00e9lo, proposant des trajets avec les d\u00e9tails du d\u00e9nivel\u00e9 et de la difficult\u00e9 du parcours. Le fond de Carte est tir\u00e9 d&rsquo;Open Street Map.&nbsp; Ce projet est toujours en cours actuellement (WIP). Cr\u00e9ation du Design System de l&rsquo;app sur Figma.<\/p>\n","protected":false},"author":1,"featured_media":0,"parent":0,"menu_order":0,"comment_status":"closed","ping_status":"closed","template":"","meta":{"_vp_format_video_url":"","_vp_image_focal_point":[],"footnotes":""},"class_list":["post-25","page","type-page","status-publish","hentry"],"_links":{"self":[{"href":"https:\/\/estpab.fr\/index.php?rest_route=\/wp\/v2\/pages\/25","targetHints":{"allow":["GET"]}}],"collection":[{"href":"https:\/\/estpab.fr\/index.php?rest_route=\/wp\/v2\/pages"}],"about":[{"href":"https:\/\/estpab.fr\/index.php?rest_route=\/wp\/v2\/types\/page"}],"author":[{"embeddable":true,"href":"https:\/\/estpab.fr\/index.php?rest_route=\/wp\/v2\/users\/1"}],"replies":[{"embeddable":true,"href":"https:\/\/estpab.fr\/index.php?rest_route=%2Fwp%2Fv2%2Fcomments&post=25"}],"version-history":[{"count":4,"href":"https:\/\/estpab.fr\/index.php?rest_route=\/wp\/v2\/pages\/25\/revisions"}],"predecessor-version":[{"id":154,"href":"https:\/\/estpab.fr\/index.php?rest_route=\/wp\/v2\/pages\/25\/revisions\/154"}],"wp:attachment":[{"href":"https:\/\/estpab.fr\/index.php?rest_route=%2Fwp%2Fv2%2Fmedia&parent=25"}],"curies":[{"name":"wp","href":"https:\/\/api.w.org\/{rel}","templated":true}]}}