{"id":108,"date":"2025-03-26T04:07:33","date_gmt":"2025-03-26T03:07:33","guid":{"rendered":"https:\/\/estpab.fr\/?page_id=108"},"modified":"2025-03-26T18:33:48","modified_gmt":"2025-03-26T17:33:48","slug":"oboecraft","status":"publish","type":"page","link":"https:\/\/estpab.fr\/?page_id=108","title":{"rendered":"Oboecraft"},"content":{"rendered":"\n<p>Les utilisateurs cibles d\u2019Oboecraft sont des musiciens et des passionn\u00e9s du hautbois. Ils peuvent avoir des niveaux de comp\u00e9tence vari\u00e9s, allant des d\u00e9butants aux professionnels, et cherchent \u00e0 am\u00e9liorer leur pratique, \u00e0 entretenir leur instrument, et \u00e0 accorder leur hautbois de mani\u00e8re pr\u00e9cise. Ils appartiennent \u00e0 diff\u00e9rentes tranches d\u2019\u00e2ge et peuvent jouer du hautbois comme passe-temps, dans un orchestre, ou en solo.<\/p>\n\n\n<div class=\"wp-block-visual-portfolio alignwide\">\n<div class=\"vp-portfolio vp-uid-4888b9ca vp-id-itaEV\"\n\tdata-vp-layout=\"tiles\" data-vp-content-source=\"images\" data-vp-items-style=\"default\" data-vp-items-click-action=\"popup_gallery\" data-vp-items-gap=\"15\" data-vp-items-gap-vertical=\"\" data-vp-pagination=\"load-more\" data-vp-next-page-url=\"\" data-vp-tiles-type=\"1|1,0.5|\" >\n\t<div class=\"vp-portfolio__preloader-wrap\">\n\t\t<div class=\"vp-portfolio__preloader\">\n\t\t\t<img decoding=\"async\" loading=\"eager\" src=\"https:\/\/estpab.fr\/wp-content\/plugins\/visual-portfolio\/assets\/images\/logo-dark.svg\" alt=\"Visual Portfolio, Posts &amp; Image Gallery for WordPress\" width=\"20\" height=\"20\" data-skip-lazy>\n\t\t<\/div>\n\t<\/div>\n\t\t<div class=\"vp-portfolio__items-wrap\">\n\t\t\t\n<div class=\"vp-portfolio__items vp-portfolio__items-style-default vp-portfolio__items-show-overlay-hover\">\n\n\t\t<div\t\tclass=\"vp-portfolio__item-wrap vp-portfolio__item-uid-126df6a3\" data-vp-filter=\"\" \t\t>\n\t\t\t<template class=\"vp-portfolio__item-popup\" data-vp-popup-img=\"https:\/\/estpab.fr\/wp-content\/uploads\/2025\/03\/90f0fb8c-bd5c-44b9-a3c3-b235c617e4b5.png\" data-vp-popup-img-srcset=\"https:\/\/estpab.fr\/wp-content\/uploads\/2025\/03\/90f0fb8c-bd5c-44b9-a3c3-b235c617e4b5.png 1427w, https:\/\/estpab.fr\/wp-content\/uploads\/2025\/03\/90f0fb8c-bd5c-44b9-a3c3-b235c617e4b5-300x227.png 300w, https:\/\/estpab.fr\/wp-content\/uploads\/2025\/03\/90f0fb8c-bd5c-44b9-a3c3-b235c617e4b5-1024x775.png 1024w, https:\/\/estpab.fr\/wp-content\/uploads\/2025\/03\/90f0fb8c-bd5c-44b9-a3c3-b235c617e4b5-768x581.png 768w\" data-vp-popup-img-size=\"1427x1080\" data-vp-popup-md-img=\"https:\/\/estpab.fr\/wp-content\/uploads\/2025\/03\/90f0fb8c-bd5c-44b9-a3c3-b235c617e4b5.png\" data-vp-popup-md-img-size=\"800x605\" data-vp-popup-sm-img=\"https:\/\/estpab.fr\/wp-content\/uploads\/2025\/03\/90f0fb8c-bd5c-44b9-a3c3-b235c617e4b5.png\" data-vp-popup-sm-img-size=\"500x378\">\n\t<\/template>\n\t\t\t\t\t\t<figure class=\"vp-portfolio__item\">\n\t\t\t\t\n<div class=\"vp-portfolio__item-img-wrap\">\n\t<div class=\"vp-portfolio__item-img\">\n\t\t\t<a\n\t\thref=\"https:\/\/estpab.fr\/wp-content\/uploads\/2025\/03\/90f0fb8c-bd5c-44b9-a3c3-b235c617e4b5.png\"\n\t\t\t>\n\t\n\t\t<noscript><img loading=\"lazy\" decoding=\"async\" width=\"1427\" height=\"1080\" data-skip-lazy src=\"https:\/\/estpab.fr\/wp-content\/uploads\/2025\/03\/90f0fb8c-bd5c-44b9-a3c3-b235c617e4b5.png\" class=\"wp-image-111\" alt=\"\" srcset=\"https:\/\/estpab.fr\/wp-content\/uploads\/2025\/03\/90f0fb8c-bd5c-44b9-a3c3-b235c617e4b5.png 1427w, https:\/\/estpab.fr\/wp-content\/uploads\/2025\/03\/90f0fb8c-bd5c-44b9-a3c3-b235c617e4b5-300x227.png 300w, https:\/\/estpab.fr\/wp-content\/uploads\/2025\/03\/90f0fb8c-bd5c-44b9-a3c3-b235c617e4b5-1024x775.png 1024w, https:\/\/estpab.fr\/wp-content\/uploads\/2025\/03\/90f0fb8c-bd5c-44b9-a3c3-b235c617e4b5-768x581.png 768w\" sizes=\"auto, (max-width: 1427px) 100vw, 1427px\" \/><\/noscript><img fetchpriority=\"high\" decoding=\"async\" width=\"1427\" height=\"1080\" src=\"https:\/\/estpab.fr\/wp-content\/uploads\/2025\/03\/90f0fb8c-bd5c-44b9-a3c3-b235c617e4b5.png\" class=\"wp-image-111 vp-lazyload\" alt srcset=\"data:image\/svg+xml;base64,PHN2ZyB3aWR0aD0iMTQyNyIgaGVpZ2h0PSIxMDgwIiB2aWV3Qm94PSIwIDAgMTQyNyAxMDgwIiBmaWxsPSJub25lIiB4bWxucz0iaHR0cDovL3d3dy53My5vcmcvMjAwMC9zdmciPjwvc3ZnPg==\" data-src=\"https:\/\/estpab.fr\/wp-content\/uploads\/2025\/03\/90f0fb8c-bd5c-44b9-a3c3-b235c617e4b5.png\" data-srcset=\"https:\/\/estpab.fr\/wp-content\/uploads\/2025\/03\/90f0fb8c-bd5c-44b9-a3c3-b235c617e4b5.png 1427w, https:\/\/estpab.fr\/wp-content\/uploads\/2025\/03\/90f0fb8c-bd5c-44b9-a3c3-b235c617e4b5-300x227.png 300w, https:\/\/estpab.fr\/wp-content\/uploads\/2025\/03\/90f0fb8c-bd5c-44b9-a3c3-b235c617e4b5-1024x775.png 1024w, https:\/\/estpab.fr\/wp-content\/uploads\/2025\/03\/90f0fb8c-bd5c-44b9-a3c3-b235c617e4b5-768x581.png 768w\" data-sizes=\"auto\" loading=\"eager\">\n\t\t<div class=\"vp-portfolio__item-overlay\">\n\t\t\t\t\t<\/div>\n\n\t\t<\/a>\t<\/div>\n<\/div>\n\n\t\t\t<\/figure>\n\t\t\t\t\t<\/div>\n\t\t\n\t\t<div\t\tclass=\"vp-portfolio__item-wrap vp-portfolio__item-uid-ddd6a150\" data-vp-filter=\"\" \t\t>\n\t\t\t<template class=\"vp-portfolio__item-popup\" data-vp-popup-img=\"https:\/\/estpab.fr\/wp-content\/uploads\/2025\/03\/99359627-0ae5-458b-ba47-e13b81f76ad9.png\" data-vp-popup-img-srcset=\"https:\/\/estpab.fr\/wp-content\/uploads\/2025\/03\/99359627-0ae5-458b-ba47-e13b81f76ad9.png 1427w, https:\/\/estpab.fr\/wp-content\/uploads\/2025\/03\/99359627-0ae5-458b-ba47-e13b81f76ad9-300x257.png 300w, https:\/\/estpab.fr\/wp-content\/uploads\/2025\/03\/99359627-0ae5-458b-ba47-e13b81f76ad9-1024x878.png 1024w, https:\/\/estpab.fr\/wp-content\/uploads\/2025\/03\/99359627-0ae5-458b-ba47-e13b81f76ad9-768x658.png 768w\" data-vp-popup-img-size=\"1427x1223\" data-vp-popup-md-img=\"https:\/\/estpab.fr\/wp-content\/uploads\/2025\/03\/99359627-0ae5-458b-ba47-e13b81f76ad9.png\" data-vp-popup-md-img-size=\"800x686\" data-vp-popup-sm-img=\"https:\/\/estpab.fr\/wp-content\/uploads\/2025\/03\/99359627-0ae5-458b-ba47-e13b81f76ad9.png\" data-vp-popup-sm-img-size=\"500x429\">\n\t<\/template>\n\t\t\t\t\t\t<figure class=\"vp-portfolio__item\">\n\t\t\t\t\n<div class=\"vp-portfolio__item-img-wrap\">\n\t<div class=\"vp-portfolio__item-img\">\n\t\t\t<a\n\t\thref=\"https:\/\/estpab.fr\/wp-content\/uploads\/2025\/03\/99359627-0ae5-458b-ba47-e13b81f76ad9.png\"\n\t\t\t>\n\t\n\t\t<noscript><img loading=\"lazy\" decoding=\"async\" width=\"1427\" height=\"1223\" data-skip-lazy src=\"https:\/\/estpab.fr\/wp-content\/uploads\/2025\/03\/99359627-0ae5-458b-ba47-e13b81f76ad9.png\" class=\"wp-image-110\" alt=\"\" srcset=\"https:\/\/estpab.fr\/wp-content\/uploads\/2025\/03\/99359627-0ae5-458b-ba47-e13b81f76ad9.png 1427w, https:\/\/estpab.fr\/wp-content\/uploads\/2025\/03\/99359627-0ae5-458b-ba47-e13b81f76ad9-300x257.png 300w, https:\/\/estpab.fr\/wp-content\/uploads\/2025\/03\/99359627-0ae5-458b-ba47-e13b81f76ad9-1024x878.png 1024w, https:\/\/estpab.fr\/wp-content\/uploads\/2025\/03\/99359627-0ae5-458b-ba47-e13b81f76ad9-768x658.png 768w\" sizes=\"auto, (max-width: 1427px) 100vw, 1427px\" \/><\/noscript><img decoding=\"async\" width=\"1427\" height=\"1223\" src=\"https:\/\/estpab.fr\/wp-content\/uploads\/2025\/03\/99359627-0ae5-458b-ba47-e13b81f76ad9.png\" class=\"wp-image-110 vp-lazyload\" alt srcset=\"data:image\/svg+xml;base64,PHN2ZyB3aWR0aD0iMTQyNyIgaGVpZ2h0PSIxMjIzIiB2aWV3Qm94PSIwIDAgMTQyNyAxMjIzIiBmaWxsPSJub25lIiB4bWxucz0iaHR0cDovL3d3dy53My5vcmcvMjAwMC9zdmciPjwvc3ZnPg==\" data-src=\"https:\/\/estpab.fr\/wp-content\/uploads\/2025\/03\/99359627-0ae5-458b-ba47-e13b81f76ad9.png\" data-srcset=\"https:\/\/estpab.fr\/wp-content\/uploads\/2025\/03\/99359627-0ae5-458b-ba47-e13b81f76ad9.png 1427w, https:\/\/estpab.fr\/wp-content\/uploads\/2025\/03\/99359627-0ae5-458b-ba47-e13b81f76ad9-300x257.png 300w, https:\/\/estpab.fr\/wp-content\/uploads\/2025\/03\/99359627-0ae5-458b-ba47-e13b81f76ad9-1024x878.png 1024w, https:\/\/estpab.fr\/wp-content\/uploads\/2025\/03\/99359627-0ae5-458b-ba47-e13b81f76ad9-768x658.png 768w\" data-sizes=\"auto\" loading=\"eager\">\n\t\t<div class=\"vp-portfolio__item-overlay\">\n\t\t\t\t\t<\/div>\n\n\t\t<\/a>\t<\/div>\n<\/div>\n\n\t\t\t<\/figure>\n\t\t\t\t\t<\/div>\n\t\t\n\t\t<div\t\tclass=\"vp-portfolio__item-wrap vp-portfolio__item-uid-216d6f92\" data-vp-filter=\"\" \t\t>\n\t\t\t<template class=\"vp-portfolio__item-popup\" data-vp-popup-img=\"https:\/\/estpab.fr\/wp-content\/uploads\/2025\/03\/e185cb30-3c23-4d6e-ad21-f1f0af89cb00.png\" data-vp-popup-img-srcset=\"https:\/\/estpab.fr\/wp-content\/uploads\/2025\/03\/e185cb30-3c23-4d6e-ad21-f1f0af89cb00.png 2117w, https:\/\/estpab.fr\/wp-content\/uploads\/2025\/03\/e185cb30-3c23-4d6e-ad21-f1f0af89cb00-300x203.png 300w, https:\/\/estpab.fr\/wp-content\/uploads\/2025\/03\/e185cb30-3c23-4d6e-ad21-f1f0af89cb00-1024x695.png 1024w, https:\/\/estpab.fr\/wp-content\/uploads\/2025\/03\/e185cb30-3c23-4d6e-ad21-f1f0af89cb00-768x521.png 768w, https:\/\/estpab.fr\/wp-content\/uploads\/2025\/03\/e185cb30-3c23-4d6e-ad21-f1f0af89cb00-1536x1042.png 1536w, https:\/\/estpab.fr\/wp-content\/uploads\/2025\/03\/e185cb30-3c23-4d6e-ad21-f1f0af89cb00-2048x1389.png 2048w\" data-vp-popup-img-size=\"1920x1302\" data-vp-popup-md-img=\"https:\/\/estpab.fr\/wp-content\/uploads\/2025\/03\/e185cb30-3c23-4d6e-ad21-f1f0af89cb00.png\" data-vp-popup-md-img-size=\"800x543\" data-vp-popup-sm-img=\"https:\/\/estpab.fr\/wp-content\/uploads\/2025\/03\/e185cb30-3c23-4d6e-ad21-f1f0af89cb00.png\" data-vp-popup-sm-img-size=\"500x339\">\n\t<\/template>\n\t\t\t\t\t\t<figure class=\"vp-portfolio__item\">\n\t\t\t\t\n<div class=\"vp-portfolio__item-img-wrap\">\n\t<div class=\"vp-portfolio__item-img\">\n\t\t\t<a\n\t\thref=\"https:\/\/estpab.fr\/wp-content\/uploads\/2025\/03\/e185cb30-3c23-4d6e-ad21-f1f0af89cb00.png\"\n\t\t\t>\n\t\n\t\t<noscript><img loading=\"lazy\" decoding=\"async\" width=\"1920\" height=\"1302\" data-skip-lazy src=\"https:\/\/estpab.fr\/wp-content\/uploads\/2025\/03\/e185cb30-3c23-4d6e-ad21-f1f0af89cb00.png\" class=\"wp-image-112\" alt=\"\" srcset=\"https:\/\/estpab.fr\/wp-content\/uploads\/2025\/03\/e185cb30-3c23-4d6e-ad21-f1f0af89cb00.png 2117w, https:\/\/estpab.fr\/wp-content\/uploads\/2025\/03\/e185cb30-3c23-4d6e-ad21-f1f0af89cb00-300x203.png 300w, https:\/\/estpab.fr\/wp-content\/uploads\/2025\/03\/e185cb30-3c23-4d6e-ad21-f1f0af89cb00-1024x695.png 1024w, https:\/\/estpab.fr\/wp-content\/uploads\/2025\/03\/e185cb30-3c23-4d6e-ad21-f1f0af89cb00-768x521.png 768w, https:\/\/estpab.fr\/wp-content\/uploads\/2025\/03\/e185cb30-3c23-4d6e-ad21-f1f0af89cb00-1536x1042.png 1536w, https:\/\/estpab.fr\/wp-content\/uploads\/2025\/03\/e185cb30-3c23-4d6e-ad21-f1f0af89cb00-2048x1389.png 2048w\" sizes=\"auto, (max-width: 1920px) 100vw, 1920px\" \/><\/noscript><img decoding=\"async\" width=\"1920\" height=\"1302\" src=\"https:\/\/estpab.fr\/wp-content\/uploads\/2025\/03\/e185cb30-3c23-4d6e-ad21-f1f0af89cb00.png\" class=\"wp-image-112 vp-lazyload\" alt srcset=\"data:image\/svg+xml;base64,PHN2ZyB3aWR0aD0iMTkyMCIgaGVpZ2h0PSIxMzAyIiB2aWV3Qm94PSIwIDAgMTkyMCAxMzAyIiBmaWxsPSJub25lIiB4bWxucz0iaHR0cDovL3d3dy53My5vcmcvMjAwMC9zdmciPjwvc3ZnPg==\" data-src=\"https:\/\/estpab.fr\/wp-content\/uploads\/2025\/03\/e185cb30-3c23-4d6e-ad21-f1f0af89cb00.png\" data-srcset=\"https:\/\/estpab.fr\/wp-content\/uploads\/2025\/03\/e185cb30-3c23-4d6e-ad21-f1f0af89cb00.png 2117w, https:\/\/estpab.fr\/wp-content\/uploads\/2025\/03\/e185cb30-3c23-4d6e-ad21-f1f0af89cb00-300x203.png 300w, https:\/\/estpab.fr\/wp-content\/uploads\/2025\/03\/e185cb30-3c23-4d6e-ad21-f1f0af89cb00-1024x695.png 1024w, https:\/\/estpab.fr\/wp-content\/uploads\/2025\/03\/e185cb30-3c23-4d6e-ad21-f1f0af89cb00-768x521.png 768w, https:\/\/estpab.fr\/wp-content\/uploads\/2025\/03\/e185cb30-3c23-4d6e-ad21-f1f0af89cb00-1536x1042.png 1536w, https:\/\/estpab.fr\/wp-content\/uploads\/2025\/03\/e185cb30-3c23-4d6e-ad21-f1f0af89cb00-2048x1389.png 2048w\" data-sizes=\"auto\" loading=\"eager\">\n\t\t<div class=\"vp-portfolio__item-overlay\">\n\t\t\t\t\t<\/div>\n\n\t\t<\/a>\t<\/div>\n<\/div>\n\n\t\t\t<\/figure>\n\t\t\t\t\t<\/div>\n\t\t\n<\/div>\n\t\t<\/div>\n\t\t\n<\/div>\n<\/div>","protected":false},"excerpt":{"rendered":"<p>Les utilisateurs cibles d\u2019Oboecraft sont des musiciens et des passionn\u00e9s du hautbois. Ils peuvent avoir des niveaux de comp\u00e9tence vari\u00e9s, allant des d\u00e9butants aux professionnels, et cherchent \u00e0 am\u00e9liorer leur pratique, \u00e0 entretenir leur instrument, et \u00e0 accorder leur hautbois de mani\u00e8re pr\u00e9cise. Ils appartiennent \u00e0 diff\u00e9rentes tranches d\u2019\u00e2ge et peuvent jouer du hautbois comme [&hellip;]<\/p>\n","protected":false},"author":1,"featured_media":0,"parent":0,"menu_order":0,"comment_status":"closed","ping_status":"closed","template":"","meta":{"_vp_format_video_url":"","_vp_image_focal_point":[],"footnotes":""},"class_list":["post-108","page","type-page","status-publish","hentry"],"_links":{"self":[{"href":"https:\/\/estpab.fr\/index.php?rest_route=\/wp\/v2\/pages\/108","targetHints":{"allow":["GET"]}}],"collection":[{"href":"https:\/\/estpab.fr\/index.php?rest_route=\/wp\/v2\/pages"}],"about":[{"href":"https:\/\/estpab.fr\/index.php?rest_route=\/wp\/v2\/types\/page"}],"author":[{"embeddable":true,"href":"https:\/\/estpab.fr\/index.php?rest_route=\/wp\/v2\/users\/1"}],"replies":[{"embeddable":true,"href":"https:\/\/estpab.fr\/index.php?rest_route=%2Fwp%2Fv2%2Fcomments&post=108"}],"version-history":[{"count":6,"href":"https:\/\/estpab.fr\/index.php?rest_route=\/wp\/v2\/pages\/108\/revisions"}],"predecessor-version":[{"id":158,"href":"https:\/\/estpab.fr\/index.php?rest_route=\/wp\/v2\/pages\/108\/revisions\/158"}],"wp:attachment":[{"href":"https:\/\/estpab.fr\/index.php?rest_route=%2Fwp%2Fv2%2Fmedia&parent=108"}],"curies":[{"name":"wp","href":"https:\/\/api.w.org\/{rel}","templated":true}]}}